{"id":9,"date":"2018-11-26T12:46:44","date_gmt":"2018-11-26T12:46:44","guid":{"rendered":"http:\/\/serwer149999.lh.pl\/autoinstalator\/serwer149999.lh.pl\/wordpress0\/index.php\/projects\/"},"modified":"2023-04-07T18:48:15","modified_gmt":"2023-04-07T16:48:15","slug":"atrakcjeturystyczne","status":"publish","type":"page","link":"https:\/\/sosnowyprzytulasek.pl\/index.php\/atrakcjeturystyczne\/","title":{"rendered":"Atrakcje Turystyczne"},"content":{"rendered":"\t\t<div data-elementor-type=\"wp-post\" data-elementor-id=\"9\" class=\"elementor elementor-9\">\n\t\t\t\t\t\t\t\t\t<section class=\"elementor-section elementor-top-section elementor-element elementor-element-2bef547 elementor-section-boxed elementor-section-height-default elementor-section-height-default\" data-id=\"2bef547\" data-element_type=\"section\" data-settings=\"{&quot;_ha_eqh_enable&quot;:false}\">\n\t\t\t\t\t\t<div class=\"elementor-container elementor-column-gap-default\">\n\t\t\t\t\t<div class=\"elementor-column elementor-col-100 elementor-top-column elementor-element elementor-element-f2ccf31\" data-id=\"f2ccf31\" data-element_type=\"column\">\n\t\t\t<div class=\"elementor-widget-wrap elementor-element-populated\">\n\t\t\t\t\t\t\t\t<div class=\"elementor-element elementor-element-6413dd7 elementor-widget elementor-widget-heading\" data-id=\"6413dd7\" data-element_type=\"widget\" data-widget_type=\"heading.default\">\n\t\t\t\t<div class=\"elementor-widget-container\">\n\t\t\t<style>\/*! elementor - v3.12.1 - 02-04-2023 *\/\n.elementor-heading-title{padding:0;margin:0;line-height:1}.elementor-widget-heading .elementor-heading-title[class*=elementor-size-]>a{color:inherit;font-size:inherit;line-height:inherit}.elementor-widget-heading .elementor-heading-title.elementor-size-small{font-size:15px}.elementor-widget-heading .elementor-heading-title.elementor-size-medium{font-size:19px}.elementor-widget-heading .elementor-heading-title.elementor-size-large{font-size:29px}.elementor-widget-heading .elementor-heading-title.elementor-size-xl{font-size:39px}.elementor-widget-heading .elementor-heading-title.elementor-size-xxl{font-size:59px}<\/style><h2 class=\"elementor-heading-title elementor-size-default\">Atrakcje w okolicy Cha\u0144czy<\/h2>\t\t<\/div>\n\t\t\t\t<\/div>\n\t\t\t\t\t<\/div>\n\t\t<\/div>\n\t\t\t\t\t\t\t<\/div>\n\t\t<\/section>\n\t\t\t\t<section class=\"elementor-section elementor-top-section elementor-element elementor-element-deacf28 elementor-section-content-top elementor-section-boxed elementor-section-height-default elementor-section-height-default\" data-id=\"deacf28\" data-element_type=\"section\" data-settings=\"{&quot;background_background&quot;:&quot;classic&quot;,&quot;_ha_eqh_enable&quot;:false}\">\n\t\t\t\t\t\t<div class=\"elementor-container elementor-column-gap-no\">\n\t\t\t\t\t<div class=\"elementor-column elementor-col-50 elementor-top-column elementor-element elementor-element-532b1a3\" data-id=\"532b1a3\" data-element_type=\"column\">\n\t\t\t<div class=\"elementor-widget-wrap elementor-element-populated\">\n\t\t\t\t\t\t\t\t<div class=\"elementor-element elementor-element-c08a795 elementor-position-top elementor-vertical-align-top elementor-widget elementor-widget-image-box\" data-id=\"c08a795\" data-element_type=\"widget\" data-widget_type=\"image-box.default\">\n\t\t\t\t<div class=\"elementor-widget-container\">\n\t\t\t<style>\/*! elementor - v3.12.1 - 02-04-2023 *\/\n.elementor-widget-image-box .elementor-image-box-content{width:100%}@media (min-width:768px){.elementor-widget-image-box.elementor-position-left .elementor-image-box-wrapper,.elementor-widget-image-box.elementor-position-right .elementor-image-box-wrapper{display:flex}.elementor-widget-image-box.elementor-position-right .elementor-image-box-wrapper{text-align:right;flex-direction:row-reverse}.elementor-widget-image-box.elementor-position-left .elementor-image-box-wrapper{text-align:left;flex-direction:row}.elementor-widget-image-box.elementor-position-top .elementor-image-box-img{margin:auto}.elementor-widget-image-box.elementor-vertical-align-top .elementor-image-box-wrapper{align-items:flex-start}.elementor-widget-image-box.elementor-vertical-align-middle .elementor-image-box-wrapper{align-items:center}.elementor-widget-image-box.elementor-vertical-align-bottom .elementor-image-box-wrapper{align-items:flex-end}}@media (max-width:767px){.elementor-widget-image-box .elementor-image-box-img{margin-left:auto!important;margin-right:auto!important;margin-bottom:15px}}.elementor-widget-image-box .elementor-image-box-img{display:inline-block}.elementor-widget-image-box .elementor-image-box-title a{color:inherit}.elementor-widget-image-box .elementor-image-box-wrapper{text-align:center}.elementor-widget-image-box .elementor-image-box-description{margin:0}<\/style><div class=\"elementor-image-box-wrapper\"><figure class=\"elementor-image-box-img\"><img loading=\"lazy\" decoding=\"async\" width=\"799\" height=\"667\" src=\"https:\/\/sosnowyprzytulasek.pl\/wp-content\/uploads\/2023\/04\/Szydlow-min1.png\" class=\"attachment-full size-full wp-image-909\" alt=\"\" srcset=\"https:\/\/sosnowyprzytulasek.pl\/wp-content\/uploads\/2023\/04\/Szydlow-min1.png 799w, https:\/\/sosnowyprzytulasek.pl\/wp-content\/uploads\/2023\/04\/Szydlow-min1-300x250.png 300w, https:\/\/sosnowyprzytulasek.pl\/wp-content\/uploads\/2023\/04\/Szydlow-min1-768x641.png 768w\" sizes=\"auto, (max-width: 799px) 100vw, 799px\" \/><\/figure><div class=\"elementor-image-box-content\"><h4 class=\"elementor-image-box-title\">Szyd\u0142\u00f3w (8,5 km)<\/h4><p class=\"elementor-image-box-description\">Miasto z zachowanym systemem mur\u00f3w obronnych, groty zb\u00f3ja Szyd\u0142o, synagoga, ruiny szpitala i ko\u015bcio\u0142a pw. Ducha \u015awi\u0119tego.<\/p><\/div><\/div>\t\t<\/div>\n\t\t\t\t<\/div>\n\t\t\t\t\t<\/div>\n\t\t<\/div>\n\t\t\t\t<div class=\"elementor-column elementor-col-50 elementor-top-column elementor-element elementor-element-783a841\" data-id=\"783a841\" data-element_type=\"column\">\n\t\t\t<div class=\"elementor-widget-wrap elementor-element-populated\">\n\t\t\t\t\t\t\t\t<div class=\"elementor-element elementor-element-91d7a6b elementor-position-top elementor-vertical-align-top elementor-widget elementor-widget-image-box\" data-id=\"91d7a6b\" data-element_type=\"widget\" data-widget_type=\"image-box.default\">\n\t\t\t\t<div class=\"elementor-widget-container\">\n\t\t\t<div class=\"elementor-image-box-wrapper\"><figure class=\"elementor-image-box-img\"><img loading=\"lazy\" decoding=\"async\" width=\"1024\" height=\"763\" src=\"https:\/\/sosnowyprzytulasek.pl\/wp-content\/uploads\/2023\/04\/Palac_w_Kurozwekach-min.jpg\" class=\"attachment-full size-full wp-image-907\" alt=\"\" srcset=\"https:\/\/sosnowyprzytulasek.pl\/wp-content\/uploads\/2023\/04\/Palac_w_Kurozwekach-min.jpg 1024w, https:\/\/sosnowyprzytulasek.pl\/wp-content\/uploads\/2023\/04\/Palac_w_Kurozwekach-min-300x224.jpg 300w, https:\/\/sosnowyprzytulasek.pl\/wp-content\/uploads\/2023\/04\/Palac_w_Kurozwekach-min-768x572.jpg 768w\" sizes=\"auto, (max-width: 1024px) 100vw, 1024px\" \/><\/figure><div class=\"elementor-image-box-content\"><h4 class=\"elementor-image-box-title\">Kurozw\u0119ki (12 km)<\/h4><p class=\"elementor-image-box-description\">Mo\u017cna tu podziwia\u0107 zabytkowy pa\u0142ac Popiel\u00f3w, krain\u0119 bizon\u00f3w i mini ZOO.<\/p><\/div><\/div>\t\t<\/div>\n\t\t\t\t<\/div>\n\t\t\t\t\t<\/div>\n\t\t<\/div>\n\t\t\t\t\t\t\t<\/div>\n\t\t<\/section>\n\t\t\t\t<section class=\"elementor-section elementor-top-section elementor-element elementor-element-c38d6b7 elementor-section-content-top elementor-section-boxed elementor-section-height-default elementor-section-height-default\" data-id=\"c38d6b7\" data-element_type=\"section\" data-settings=\"{&quot;background_background&quot;:&quot;classic&quot;,&quot;_ha_eqh_enable&quot;:false}\">\n\t\t\t\t\t\t<div class=\"elementor-container elementor-column-gap-no\">\n\t\t\t\t\t<div class=\"elementor-column elementor-col-50 elementor-top-column elementor-element elementor-element-18dd7e8\" data-id=\"18dd7e8\" data-element_type=\"column\">\n\t\t\t<div class=\"elementor-widget-wrap elementor-element-populated\">\n\t\t\t\t\t\t\t\t<div class=\"elementor-element elementor-element-4348f6f elementor-position-top elementor-vertical-align-top elementor-widget elementor-widget-image-box\" data-id=\"4348f6f\" data-element_type=\"widget\" data-widget_type=\"image-box.default\">\n\t\t\t\t<div class=\"elementor-widget-container\">\n\t\t\t<div class=\"elementor-image-box-wrapper\"><figure class=\"elementor-image-box-img\"><img loading=\"lazy\" decoding=\"async\" width=\"1280\" height=\"960\" src=\"https:\/\/sosnowyprzytulasek.pl\/wp-content\/uploads\/2023\/04\/Krzyztopor-min.jpg\" class=\"attachment-full size-full wp-image-897\" alt=\"\" srcset=\"https:\/\/sosnowyprzytulasek.pl\/wp-content\/uploads\/2023\/04\/Krzyztopor-min.jpg 1280w, https:\/\/sosnowyprzytulasek.pl\/wp-content\/uploads\/2023\/04\/Krzyztopor-min-300x225.jpg 300w, https:\/\/sosnowyprzytulasek.pl\/wp-content\/uploads\/2023\/04\/Krzyztopor-min-1024x768.jpg 1024w, https:\/\/sosnowyprzytulasek.pl\/wp-content\/uploads\/2023\/04\/Krzyztopor-min-768x576.jpg 768w\" sizes=\"auto, (max-width: 1280px) 100vw, 1280px\" \/><\/figure><div class=\"elementor-image-box-content\"><h4 class=\"elementor-image-box-title\">Krzy\u017ctop\u00f3r (27 km) <\/h4><p class=\"elementor-image-box-description\">Wyj\u0105tkowy zamek o wielu tajemnicach. Zamek powsta\u0142 w pierwszej po\u0142owie XVII wieku. Budowla ta cieszy\u0142 si\u0119 w\u00f3wczas mianem najwi\u0119kszej w Europie. Bez w\u0105tpienia jest to doskona\u0142e miejsce na sp\u0119dzenie ekscytuj\u0105cego dnia w gronie rodziny.<\/p><\/div><\/div>\t\t<\/div>\n\t\t\t\t<\/div>\n\t\t\t\t\t<\/div>\n\t\t<\/div>\n\t\t\t\t<div class=\"elementor-column elementor-col-50 elementor-top-column elementor-element elementor-element-f9e4bcc\" data-id=\"f9e4bcc\" data-element_type=\"column\">\n\t\t\t<div class=\"elementor-widget-wrap elementor-element-populated\">\n\t\t\t\t\t\t\t\t<div class=\"elementor-element elementor-element-39fe420 elementor-position-top elementor-vertical-align-top elementor-widget elementor-widget-image-box\" data-id=\"39fe420\" data-element_type=\"widget\" data-widget_type=\"image-box.default\">\n\t\t\t\t<div class=\"elementor-widget-container\">\n\t\t\t<div class=\"elementor-image-box-wrapper\"><figure class=\"elementor-image-box-img\"><img loading=\"lazy\" decoding=\"async\" width=\"1200\" height=\"676\" src=\"https:\/\/sosnowyprzytulasek.pl\/wp-content\/uploads\/2023\/04\/Swiety-krzyz-min.jpg\" class=\"attachment-full size-full wp-image-917\" alt=\"\" srcset=\"https:\/\/sosnowyprzytulasek.pl\/wp-content\/uploads\/2023\/04\/Swiety-krzyz-min.jpg 1200w, https:\/\/sosnowyprzytulasek.pl\/wp-content\/uploads\/2023\/04\/Swiety-krzyz-min-300x169.jpg 300w, https:\/\/sosnowyprzytulasek.pl\/wp-content\/uploads\/2023\/04\/Swiety-krzyz-min-1024x577.jpg 1024w, https:\/\/sosnowyprzytulasek.pl\/wp-content\/uploads\/2023\/04\/Swiety-krzyz-min-768x433.jpg 768w\" sizes=\"auto, (max-width: 1200px) 100vw, 1200px\" \/><\/figure><div class=\"elementor-image-box-content\"><h4 class=\"elementor-image-box-title\"><h3 class=\"elementor-image-box-title elementor-inline-editing pen\" data-elementor-setting-key=\"title_text\" data-elementor-inline-editing-toolbar=\"none\" data-pen-placeholder=\"Pisz tutaj...\" data-lt-tmp-id=\"lt-35482\" spellcheck=\"false\" data-gramm=\"false\" style=\"font-size: 1.73333rem; font-style: normal; margin-bottom: 20px; color: rgb(20, 38, 28);\">\u015awi\u0119ty Krzy\u017c (34 km)<\/h3><\/h4><p class=\"elementor-image-box-description\">Zdobywaj szczyty, poznaj legendy, ludzi regionu, histori\u0119 terenu. Udaj si\u0119 na \u015awi\u0119ty Krzy\u017c. Jest to pierwsze sanktuarium narodowe z fragmentami krzy\u017ca, na kt\u00f3rym umar\u0142 Jezus Chrystus. Jest tam r\u00f3wnie\u017c Muzeum Misyjne oraz Go\u0142oborze.<\/p><\/div><\/div>\t\t<\/div>\n\t\t\t\t<\/div>\n\t\t\t\t\t<\/div>\n\t\t<\/div>\n\t\t\t\t\t\t\t<\/div>\n\t\t<\/section>\n\t\t\t\t<section class=\"elementor-section elementor-top-section elementor-element elementor-element-db48ddc elementor-section-content-top elementor-section-boxed elementor-section-height-default elementor-section-height-default\" data-id=\"db48ddc\" data-element_type=\"section\" data-settings=\"{&quot;background_background&quot;:&quot;classic&quot;,&quot;_ha_eqh_enable&quot;:false}\">\n\t\t\t\t\t\t<div class=\"elementor-container elementor-column-gap-no\">\n\t\t\t\t\t<div class=\"elementor-column elementor-col-50 elementor-top-column elementor-element elementor-element-79bf34d\" data-id=\"79bf34d\" data-element_type=\"column\">\n\t\t\t<div class=\"elementor-widget-wrap elementor-element-populated\">\n\t\t\t\t\t\t\t\t<div class=\"elementor-element elementor-element-7b48e1b elementor-position-top elementor-vertical-align-top elementor-widget elementor-widget-image-box\" data-id=\"7b48e1b\" data-element_type=\"widget\" data-widget_type=\"image-box.default\">\n\t\t\t\t<div class=\"elementor-widget-container\">\n\t\t\t<div class=\"elementor-image-box-wrapper\"><figure class=\"elementor-image-box-img\"><img loading=\"lazy\" decoding=\"async\" width=\"2560\" height=\"1920\" src=\"https:\/\/sosnowyprzytulasek.pl\/wp-content\/uploads\/2023\/04\/Park-Narodowy-min-scaled.jpg\" class=\"attachment-full size-full wp-image-905\" alt=\"\" srcset=\"https:\/\/sosnowyprzytulasek.pl\/wp-content\/uploads\/2023\/04\/Park-Narodowy-min-scaled.jpg 2560w, https:\/\/sosnowyprzytulasek.pl\/wp-content\/uploads\/2023\/04\/Park-Narodowy-min-300x225.jpg 300w, https:\/\/sosnowyprzytulasek.pl\/wp-content\/uploads\/2023\/04\/Park-Narodowy-min-1024x768.jpg 1024w, https:\/\/sosnowyprzytulasek.pl\/wp-content\/uploads\/2023\/04\/Park-Narodowy-min-768x576.jpg 768w, https:\/\/sosnowyprzytulasek.pl\/wp-content\/uploads\/2023\/04\/Park-Narodowy-min-1536x1152.jpg 1536w, https:\/\/sosnowyprzytulasek.pl\/wp-content\/uploads\/2023\/04\/Park-Narodowy-min-2048x1536.jpg 2048w\" sizes=\"auto, (max-width: 2560px) 100vw, 2560px\" \/><\/figure><div class=\"elementor-image-box-content\"><h4 class=\"elementor-image-box-title\"><h3 class=\"elementor-image-box-title elementor-inline-editing pen\" data-elementor-setting-key=\"title_text\" data-elementor-inline-editing-toolbar=\"none\" data-pen-placeholder=\"Pisz tutaj...\" data-lt-tmp-id=\"lt-35482\" spellcheck=\"false\" data-gramm=\"false\" style=\"font-size: 1.73333rem; font-style: normal; margin-bottom: 20px;\">\u015awi\u0119tokrzyski Park Narodowy (27 km)<\/h3><\/h4><p class=\"elementor-image-box-description\">Spaceruj przez \u201ePuszcz\u0119 Jod\u0142ow\u0105\u201d, poznaj osobliwo\u015bci przyrodnicze np. Go\u0142oborza, \u0141ysic\u0119 czy g\u00f3r\u0119 Che\u0142mow\u0105.<\/p><\/div><\/div>\t\t<\/div>\n\t\t\t\t<\/div>\n\t\t\t\t\t<\/div>\n\t\t<\/div>\n\t\t\t\t<div class=\"elementor-column elementor-col-50 elementor-top-column elementor-element elementor-element-3bf3fe7\" data-id=\"3bf3fe7\" data-element_type=\"column\">\n\t\t\t<div class=\"elementor-widget-wrap elementor-element-populated\">\n\t\t\t\t\t\t\t\t<div class=\"elementor-element elementor-element-f461576 elementor-position-top elementor-vertical-align-top elementor-widget elementor-widget-image-box\" data-id=\"f461576\" data-element_type=\"widget\" data-widget_type=\"image-box.default\">\n\t\t\t\t<div class=\"elementor-widget-container\">\n\t\t\t<div class=\"elementor-image-box-wrapper\"><figure class=\"elementor-image-box-img\"><img loading=\"lazy\" decoding=\"async\" width=\"2000\" height=\"1500\" src=\"https:\/\/sosnowyprzytulasek.pl\/wp-content\/uploads\/2023\/04\/Pacanow-min.jpg\" class=\"attachment-full size-full wp-image-904\" alt=\"\" srcset=\"https:\/\/sosnowyprzytulasek.pl\/wp-content\/uploads\/2023\/04\/Pacanow-min.jpg 2000w, https:\/\/sosnowyprzytulasek.pl\/wp-content\/uploads\/2023\/04\/Pacanow-min-300x225.jpg 300w, https:\/\/sosnowyprzytulasek.pl\/wp-content\/uploads\/2023\/04\/Pacanow-min-1024x768.jpg 1024w, https:\/\/sosnowyprzytulasek.pl\/wp-content\/uploads\/2023\/04\/Pacanow-min-768x576.jpg 768w, https:\/\/sosnowyprzytulasek.pl\/wp-content\/uploads\/2023\/04\/Pacanow-min-1536x1152.jpg 1536w\" sizes=\"auto, (max-width: 2000px) 100vw, 2000px\" \/><\/figure><div class=\"elementor-image-box-content\"><h4 class=\"elementor-image-box-title\"><h3 data-elementor-setting-key=\"title_text\" data-elementor-inline-editing-toolbar=\"none\" data-pen-placeholder=\"Pisz tutaj...\" data-lt-tmp-id=\"lt-530870\" spellcheck=\"false\" data-gramm=\"false\" style=\"font-size: 1.73333rem; font-style: normal; margin-bottom: 20px;\">Europejskie Centrum Bajki w Pacanowie (39 km)<\/h3><\/h4><p class=\"elementor-image-box-description\">Centrum Bajki organizuje wydarzenia kulturalne. W\u015br\u00f3d proponowanych atrakcji znajduj\u0105 si\u0119 warsztaty animacyjne i teatralne, a tak\u017ce liczne gry i zabawy rozwijaj\u0105ce wyobra\u017ani\u0119.<\/p><\/div><\/div>\t\t<\/div>\n\t\t\t\t<\/div>\n\t\t\t\t\t<\/div>\n\t\t<\/div>\n\t\t\t\t\t\t\t<\/div>\n\t\t<\/section>\n\t\t\t\t<section class=\"elementor-section elementor-top-section elementor-element elementor-element-4dd9b99 elementor-section-content-top elementor-section-boxed elementor-section-height-default elementor-section-height-default\" data-id=\"4dd9b99\" data-element_type=\"section\" data-settings=\"{&quot;background_background&quot;:&quot;classic&quot;,&quot;_ha_eqh_enable&quot;:false}\">\n\t\t\t\t\t\t<div class=\"elementor-container elementor-column-gap-no\">\n\t\t\t\t\t<div class=\"elementor-column elementor-col-50 elementor-top-column elementor-element elementor-element-3629dc1\" data-id=\"3629dc1\" data-element_type=\"column\">\n\t\t\t<div class=\"elementor-widget-wrap elementor-element-populated\">\n\t\t\t\t\t\t\t\t<div class=\"elementor-element elementor-element-935e825 elementor-widget__width-initial elementor-position-top elementor-vertical-align-top elementor-widget elementor-widget-image-box\" data-id=\"935e825\" data-element_type=\"widget\" data-widget_type=\"image-box.default\">\n\t\t\t\t<div class=\"elementor-widget-container\">\n\t\t\t<div class=\"elementor-image-box-wrapper\"><figure class=\"elementor-image-box-img\"><img loading=\"lazy\" decoding=\"async\" width=\"1024\" height=\"832\" src=\"https:\/\/sosnowyprzytulasek.pl\/wp-content\/uploads\/2023\/04\/Nowa-Slupia-min.jpg\" class=\"attachment-full size-full wp-image-913\" alt=\"\" srcset=\"https:\/\/sosnowyprzytulasek.pl\/wp-content\/uploads\/2023\/04\/Nowa-Slupia-min.jpg 1024w, https:\/\/sosnowyprzytulasek.pl\/wp-content\/uploads\/2023\/04\/Nowa-Slupia-min-300x244.jpg 300w, https:\/\/sosnowyprzytulasek.pl\/wp-content\/uploads\/2023\/04\/Nowa-Slupia-min-768x624.jpg 768w\" sizes=\"auto, (max-width: 1024px) 100vw, 1024px\" \/><\/figure><div class=\"elementor-image-box-content\"><h4 class=\"elementor-image-box-title\"><h3 data-elementor-setting-key=\"title_text\" data-elementor-inline-editing-toolbar=\"none\" data-pen-placeholder=\"Pisz tutaj...\" data-lt-tmp-id=\"lt-530870\" spellcheck=\"false\" data-gramm=\"false\" style=\"font-size: 1.73333rem; font-style: normal; margin-bottom: 20px;\">Nowa S\u0142upia (39 km)<\/h3><\/h4><p class=\"elementor-image-box-description\">W Nowej S\u0142upi znajduje si\u0119 Muzeum Staro\u017cytnego Hutnictwa. Prosperuje ono od lat sze\u015b\u0107dziesi\u0105tych. Na przestrzeni tych lat uda\u0142o si\u0119 zgromadzi\u0107\nimponuj\u0105c\u0105 kolekcj\u0119 eksponat\u00f3w zwi\u0105zanych z hutnictwem. Warto wybra\u0107 si\u0119 tutaj\nz dzie\u0107mi. Mo\u017cna tu zobaczy\u0107 r\u00f3wnie\u017c figurk\u0119 pielgrzyma Emeryka. Odbywaj\u0105 si\u0119 tutaj coroczne Dymarki\n\u015awi\u0119tokrzyskie.<\/p><\/div><\/div>\t\t<\/div>\n\t\t\t\t<\/div>\n\t\t\t\t\t<\/div>\n\t\t<\/div>\n\t\t\t\t<div class=\"elementor-column elementor-col-50 elementor-top-column elementor-element elementor-element-cb9a8b1\" data-id=\"cb9a8b1\" data-element_type=\"column\">\n\t\t\t<div class=\"elementor-widget-wrap elementor-element-populated\">\n\t\t\t\t\t\t\t\t<div class=\"elementor-element elementor-element-f10caea elementor-position-top elementor-vertical-align-top elementor-widget elementor-widget-image-box\" data-id=\"f10caea\" data-element_type=\"widget\" data-widget_type=\"image-box.default\">\n\t\t\t\t<div class=\"elementor-widget-container\">\n\t\t\t<div class=\"elementor-image-box-wrapper\"><figure class=\"elementor-image-box-img\"><img loading=\"lazy\" decoding=\"async\" width=\"800\" height=\"600\" src=\"https:\/\/sosnowyprzytulasek.pl\/wp-content\/uploads\/2023\/04\/Wschodni-szlak-rowerowy-green-velo-min.jpg\" class=\"attachment-full size-full wp-image-903\" alt=\"\" srcset=\"https:\/\/sosnowyprzytulasek.pl\/wp-content\/uploads\/2023\/04\/Wschodni-szlak-rowerowy-green-velo-min.jpg 800w, https:\/\/sosnowyprzytulasek.pl\/wp-content\/uploads\/2023\/04\/Wschodni-szlak-rowerowy-green-velo-min-300x225.jpg 300w, https:\/\/sosnowyprzytulasek.pl\/wp-content\/uploads\/2023\/04\/Wschodni-szlak-rowerowy-green-velo-min-768x576.jpg 768w\" sizes=\"auto, (max-width: 800px) 100vw, 800px\" \/><\/figure><div class=\"elementor-image-box-content\"><h4 class=\"elementor-image-box-title\"><h3 class=\"elementor-image-box-title elementor-inline-editing pen\" data-elementor-setting-key=\"title_text\" data-elementor-inline-editing-toolbar=\"none\" data-pen-placeholder=\"Pisz tutaj...\" data-lt-tmp-id=\"lt-35482\" spellcheck=\"false\" data-gramm=\"false\" style=\"font-size: 1.73333rem; font-style: normal; margin-bottom: 20px;\">Wschodni Szlak Rowerowy Green Velo  <\/h3><\/h4><p class=\"elementor-image-box-description\"><span style=\"text-align: center;\">Kemping \"Sosnowy Przytu-Lasek\" znajduje si\u0119 w bezpo\u015brednim s\u0105siedztwie najd\u0142u\u017cszego szlaku rowerowego w Polsce- Green Velo. Wiedzie on przez pi\u0119\u0107 wojew\u00f3dztw we wschodniej Polsce, tj. wojew\u00f3dztwo lubelskie, podlaskie, podkarpackie, \u015bwi\u0119tokrzyskie i warmi\u0144sko-mazurskie. <\/span><\/p><\/div><\/div>\t\t<\/div>\n\t\t\t\t<\/div>\n\t\t\t\t\t<\/div>\n\t\t<\/div>\n\t\t\t\t\t\t\t<\/div>\n\t\t<\/section>\n\t\t\t\t\t\t\t<\/div>\n\t\t","protected":false},"excerpt":{"rendered":"<p>Atrakcje w okolicy Cha\u0144czy Szyd\u0142\u00f3w (8,5 km) Miasto z zachowanym systemem mur\u00f3w obronnych, groty zb\u00f3ja Szyd\u0142o, synagoga, ruiny szpitala i ko\u015bcio\u0142a pw. Ducha \u015awi\u0119tego. Kurozw\u0119ki (12 km) Mo\u017cna tu podziwia\u0107 zabytkowy pa\u0142ac Popiel\u00f3w, krain\u0119 bizon\u00f3w i mini ZOO. Krzy\u017ctop\u00f3r (27 km) Wyj\u0105tkowy zamek o wielu tajemnicach. Zamek powsta\u0142 w pierwszej po\u0142owie XVII wieku. Budowla ta &hellip;<\/p>\n<p class=\"read-more\"> <a class=\"\" href=\"https:\/\/sosnowyprzytulasek.pl\/index.php\/atrakcjeturystyczne\/\"> <span class=\"screen-reader-text\">Atrakcje Turystyczne<\/span> Read More &raquo;<\/a><\/p>\n","protected":false},"author":1,"featured_media":0,"parent":0,"menu_order":0,"comment_status":"closed","ping_status":"closed","template":"","meta":{"site-sidebar-layout":"no-sidebar","site-content-layout":"page-builder","ast-global-header-display":"","ast-main-header-display":"","ast-hfb-above-header-display":"","ast-hfb-below-header-display":"","ast-hfb-mobile-header-display":"","site-post-title":"disabled","ast-breadcrumbs-content":"","ast-featured-img":"disabled","footer-sml-layout":"","theme-transparent-header-meta":"enabled","adv-header-id-meta":"","stick-header-meta":"","header-above-stick-meta":"","header-main-stick-meta":"","header-below-stick-meta":"","footnotes":""},"class_list":["post-9","page","type-page","status-publish","hentry"],"_links":{"self":[{"href":"https:\/\/sosnowyprzytulasek.pl\/index.php\/wp-json\/wp\/v2\/pages\/9","targetHints":{"allow":["GET"]}}],"collection":[{"href":"https:\/\/sosnowyprzytulasek.pl\/index.php\/wp-json\/wp\/v2\/pages"}],"about":[{"href":"https:\/\/sosnowyprzytulasek.pl\/index.php\/wp-json\/wp\/v2\/types\/page"}],"author":[{"embeddable":true,"href":"https:\/\/sosnowyprzytulasek.pl\/index.php\/wp-json\/wp\/v2\/users\/1"}],"replies":[{"embeddable":true,"href":"https:\/\/sosnowyprzytulasek.pl\/index.php\/wp-json\/wp\/v2\/comments?post=9"}],"version-history":[{"count":47,"href":"https:\/\/sosnowyprzytulasek.pl\/index.php\/wp-json\/wp\/v2\/pages\/9\/revisions"}],"predecessor-version":[{"id":995,"href":"https:\/\/sosnowyprzytulasek.pl\/index.php\/wp-json\/wp\/v2\/pages\/9\/revisions\/995"}],"wp:attachment":[{"href":"https:\/\/sosnowyprzytulasek.pl\/index.php\/wp-json\/wp\/v2\/media?parent=9"}],"curies":[{"name":"wp","href":"https:\/\/api.w.org\/{rel}","templated":true}]}}